{"id":22,"date":"2016-02-12T08:11:05","date_gmt":"2016-02-12T08:11:05","guid":{"rendered":"http:\/\/demos.famethemes.com\/onepress\/?page_id=22"},"modified":"2025-09-05T14:17:44","modified_gmt":"2025-09-05T17:17:44","slug":"our-vision","status":"publish","type":"page","link":"https:\/\/consultoriarrf.com.br\/?page_id=22","title":{"rendered":"Nossa Vis\u00e3o"},"content":{"rendered":"\n<h2 class=\"wp-block-heading\"><strong>Vis\u00e3o<\/strong><\/h2>\n\n\n\n<p>Ser reconhecida como a principal consultoria de marketing estrat\u00e9gico do mercado, refer\u00eancia em inova\u00e7\u00e3o, intelig\u00eancia de dados e criatividade, ajudando empresas de diferentes portes e segmentos a se destacarem de forma consistente e sustent\u00e1vel. Almejamos transformar o marketing em uma ferramenta de crescimento real, capaz de gerar valor para os neg\u00f3cios e experi\u00eancias relevantes para os consumidores.<\/p>\n\n\n\n<hr class=\"wp-block-separator has-alpha-channel-opacity\"\/>\n\n\n\n<h2 class=\"wp-block-heading\"><strong>Miss\u00e3o<\/strong><\/h2>\n\n\n\n<p>Nossa miss\u00e3o \u00e9 impulsionar marcas a alcan\u00e7arem seu m\u00e1ximo potencial por meio do desenvolvimento de estrat\u00e9gias de marketing personalizadas, \u00e9ticas e eficazes. Trabalhamos para aproximar empresas e pessoas, criando conex\u00f5es genu\u00ednas que fortalecem a confian\u00e7a, aumentam a visibilidade e geram resultados concretos.<br>Buscamos entender profundamente o mercado, os desafios e as necessidades de cada cliente, para oferecer solu\u00e7\u00f5es que unam criatividade, tecnologia e an\u00e1lise de dados, garantindo n\u00e3o apenas campanhas de impacto, mas tamb\u00e9m crescimento sustent\u00e1vel no longo prazo.<\/p>\n\n\n\n<hr class=\"wp-block-separator has-alpha-channel-opacity\"\/>\n\n\n\n<h2 class=\"wp-block-heading\"><strong>Valores<\/strong><\/h2>\n\n\n\n<ul class=\"wp-block-list\">\n<li><strong>\u00c9tica e Transpar\u00eancia:<\/strong> conduzimos cada projeto com honestidade, clareza e responsabilidade, cultivando rela\u00e7\u00f5es de confian\u00e7a duradouras.<\/li>\n\n\n\n<li><strong>Foco em Resultados:<\/strong> nosso compromisso \u00e9 transformar estrat\u00e9gias em conquistas reais, sempre com m\u00e9tricas claras e objetivos bem definidos.<\/li>\n\n\n\n<li><strong>Inova\u00e7\u00e3o e Criatividade:<\/strong> acreditamos que a diferencia\u00e7\u00e3o nasce de ideias originais aliadas a novas tecnologias e tend\u00eancias de mercado.<\/li>\n\n\n\n<li><strong>Parceria e Colabora\u00e7\u00e3o:<\/strong> trabalhamos lado a lado com nossos clientes, valorizando a troca, a escuta ativa e o esp\u00edrito de coopera\u00e7\u00e3o.<\/li>\n\n\n\n<li><strong>Valoriza\u00e7\u00e3o de Pessoas:<\/strong> reconhecemos que o sucesso depende de equipes motivadas, clientes satisfeitos e relacionamentos s\u00f3lidos.<\/li>\n\n\n\n<li><strong>Sustentabilidade e Responsabilidade Social:<\/strong> buscamos gerar impacto positivo n\u00e3o apenas para os neg\u00f3cios, mas tamb\u00e9m para a sociedade e o ambiente em que atuamos.<\/li>\n<\/ul>\n","protected":false},"excerpt":{"rendered":"<p>Conhe\u00e7a nossos valores, nossa miss\u00e3o e principalmente nossa vis\u00e3o<\/p>\n","protected":false},"author":2,"featured_media":1512,"parent":0,"menu_order":0,"comment_status":"closed","ping_status":"closed","template":"","meta":{"footnotes":""},"class_list":["post-22","page","type-page","status-publish","has-post-thumbnail","hentry"],"_links":{"self":[{"href":"https:\/\/consultoriarrf.com.br\/index.php?rest_route=\/wp\/v2\/pages\/22","targetHints":{"allow":["GET"]}}],"collection":[{"href":"https:\/\/consultoriarrf.com.br\/index.php?rest_route=\/wp\/v2\/pages"}],"about":[{"href":"https:\/\/consultoriarrf.com.br\/index.php?rest_route=\/wp\/v2\/types\/page"}],"author":[{"embeddable":true,"href":"https:\/\/consultoriarrf.com.br\/index.php?rest_route=\/wp\/v2\/users\/2"}],"replies":[{"embeddable":true,"href":"https:\/\/consultoriarrf.com.br\/index.php?rest_route=%2Fwp%2Fv2%2Fcomments&post=22"}],"version-history":[{"count":2,"href":"https:\/\/consultoriarrf.com.br\/index.php?rest_route=\/wp\/v2\/pages\/22\/revisions"}],"predecessor-version":[{"id":1515,"href":"https:\/\/consultoriarrf.com.br\/index.php?rest_route=\/wp\/v2\/pages\/22\/revisions\/1515"}],"wp:featuredmedia":[{"embeddable":true,"href":"https:\/\/consultoriarrf.com.br\/index.php?rest_route=\/wp\/v2\/media\/1512"}],"wp:attachment":[{"href":"https:\/\/consultoriarrf.com.br\/index.php?rest_route=%2Fwp%2Fv2%2Fmedia&parent=22"}],"curies":[{"name":"wp","href":"https:\/\/api.w.org\/{rel}","templated":true}]}}