{"id":23,"date":"2016-02-12T08:12:49","date_gmt":"2016-02-12T08:12:49","guid":{"rendered":"http:\/\/demos.famethemes.com\/onepress\/?page_id=23"},"modified":"2025-09-05T10:46:49","modified_gmt":"2025-09-05T13:46:49","slug":"service-title-1","status":"publish","type":"page","link":"https:\/\/consultoriarrf.com.br\/?page_id=23","title":{"rendered":"Planejamento Estrat\u00e9gico de Marketing"},"content":{"rendered":"\n<figure class=\"wp-block-image size-large\"><img loading=\"lazy\" decoding=\"async\" width=\"1024\" height=\"576\" src=\"http:\/\/consultoriarrf.com.br\/wp-content\/uploads\/2025\/09\/787adefe92f534f3e8a5f93568229312ad07c927-1024x576.webp\" alt=\"\" class=\"wp-image-1445\" srcset=\"https:\/\/consultoriarrf.com.br\/wp-content\/uploads\/2025\/09\/787adefe92f534f3e8a5f93568229312ad07c927-1024x576.webp 1024w, https:\/\/consultoriarrf.com.br\/wp-content\/uploads\/2025\/09\/787adefe92f534f3e8a5f93568229312ad07c927-300x169.webp 300w, https:\/\/consultoriarrf.com.br\/wp-content\/uploads\/2025\/09\/787adefe92f534f3e8a5f93568229312ad07c927-768x432.webp 768w, https:\/\/consultoriarrf.com.br\/wp-content\/uploads\/2025\/09\/787adefe92f534f3e8a5f93568229312ad07c927.webp 1080w\" sizes=\"auto, (max-width: 1024px) 100vw, 1024px\" \/><\/figure>\n\n\n\n<p>Sabe aquele ditado \u201cquem n\u00e3o sabe onde quer chegar, qualquer caminho serve\u201d? No marketing, ele n\u00e3o funciona. Por isso, o planejamento estrat\u00e9gico \u00e9 o primeiro e mais importante passo do nosso trabalho.<\/p>\n\n\n\n<p>Aqui, a gente mergulha no seu neg\u00f3cio. Entendemos sua hist\u00f3ria, seus objetivos, seu p\u00fablico e, principalmente, o cen\u00e1rio onde voc\u00ea est\u00e1 inserido. Analisamos dados, estudamos o comportamento do seu cliente, observamos o que a concorr\u00eancia est\u00e1 fazendo (ou deixando de fazer) e, com base nisso, tra\u00e7amos um plano claro, pr\u00e1tico e personalizado.<\/p>\n\n\n\n<p>Nada de estrat\u00e9gias gen\u00e9ricas ou achismos: cada a\u00e7\u00e3o \u00e9 pensada para fazer sentido com a sua realidade, seu or\u00e7amento e seu momento de mercado. A ideia \u00e9 criar um caminho estrat\u00e9gico que traga resultado de verdade \u2014 seja aumentar sua visibilidade, atrair novos clientes, reposicionar a marca ou impulsionar vendas.<\/p>\n\n\n\n<p>O planejamento estrat\u00e9gico \u00e9 o c\u00e9rebro por tr\u00e1s de todas as decis\u00f5es que vir\u00e3o depois. E ele \u00e9 vivo: evolui, muda, se adapta conforme o mercado e suas necessidades. E a gente acompanha tudo de perto com voc\u00ea.<\/p>\n\n\n\n<p><\/p>\n","protected":false},"excerpt":{"rendered":"<p>Criamos um plano de a\u00e7\u00e3o integrado e a longo prazo para promover a marca, atrair clientes e atingir os objetivos do neg\u00f3cio.<\/p>\n","protected":false},"author":2,"featured_media":0,"parent":0,"menu_order":0,"comment_status":"closed","ping_status":"closed","template":"","meta":{"footnotes":""},"class_list":["post-23","page","type-page","status-publish","hentry"],"_links":{"self":[{"href":"https:\/\/consultoriarrf.com.br\/index.php?rest_route=\/wp\/v2\/pages\/23","targetHints":{"allow":["GET"]}}],"collection":[{"href":"https:\/\/consultoriarrf.com.br\/index.php?rest_route=\/wp\/v2\/pages"}],"about":[{"href":"https:\/\/consultoriarrf.com.br\/index.php?rest_route=\/wp\/v2\/types\/page"}],"author":[{"embeddable":true,"href":"https:\/\/consultoriarrf.com.br\/index.php?rest_route=\/wp\/v2\/users\/2"}],"replies":[{"embeddable":true,"href":"https:\/\/consultoriarrf.com.br\/index.php?rest_route=%2Fwp%2Fv2%2Fcomments&post=23"}],"version-history":[{"count":2,"href":"https:\/\/consultoriarrf.com.br\/index.php?rest_route=\/wp\/v2\/pages\/23\/revisions"}],"predecessor-version":[{"id":1460,"href":"https:\/\/consultoriarrf.com.br\/index.php?rest_route=\/wp\/v2\/pages\/23\/revisions\/1460"}],"wp:attachment":[{"href":"https:\/\/consultoriarrf.com.br\/index.php?rest_route=%2Fwp%2Fv2%2Fmedia&parent=23"}],"curies":[{"name":"wp","href":"https:\/\/api.w.org\/{rel}","templated":true}]}}