{"id":24,"date":"2016-02-12T08:13:06","date_gmt":"2016-02-12T08:13:06","guid":{"rendered":"http:\/\/demos.famethemes.com\/onepress\/?page_id=24"},"modified":"2025-09-05T10:47:56","modified_gmt":"2025-09-05T13:47:56","slug":"service-title-2","status":"publish","type":"page","link":"https:\/\/consultoriarrf.com.br\/?page_id=24","title":{"rendered":"Marketing Digital"},"content":{"rendered":"\n<figure class=\"wp-block-image size-full is-resized\"><img loading=\"lazy\" decoding=\"async\" width=\"324\" height=\"156\" src=\"http:\/\/consultoriarrf.com.br\/wp-content\/uploads\/2025\/09\/images.jpeg\" alt=\"\" class=\"wp-image-1448\" style=\"width:840px;height:auto\" srcset=\"https:\/\/consultoriarrf.com.br\/wp-content\/uploads\/2025\/09\/images.jpeg 324w, https:\/\/consultoriarrf.com.br\/wp-content\/uploads\/2025\/09\/images-300x144.jpeg 300w\" sizes=\"auto, (max-width: 324px) 100vw, 324px\" \/><\/figure>\n\n\n\n<p>Estar no digital hoje em dia n\u00e3o \u00e9 mais diferencial \u2014 \u00e9 quest\u00e3o de sobreviv\u00eancia. Mas estar de forma estrat\u00e9gica, com consist\u00eancia, criatividade e foco em resultado\u2026 a\u00ed sim, \u00e9 onde a m\u00e1gica acontece.<\/p>\n\n\n\n<p>N\u00f3s cuidamos da presen\u00e7a online da sua marca de ponta a ponta. Isso inclui a constru\u00e7\u00e3o de uma voz pr\u00f3pria nas redes sociais, cria\u00e7\u00e3o de conte\u00fado que realmente engaja (e n\u00e3o s\u00f3 preenche espa\u00e7o), SEO para melhorar seu posicionamento no Google, e campanhas pagas que geram tr\u00e1fego qualificado \u2014 tudo com base em dados, n\u00e3o em chute.<\/p>\n\n\n\n<p>Mais do que seguidores, buscamos gerar conex\u00f5es reais entre a sua marca e o seu p\u00fablico. Isso significa entender o comportamento do seu cliente, saber em quais canais ele est\u00e1, que tipo de conte\u00fado ele consome e como transformar esse interesse em a\u00e7\u00e3o.<\/p>\n\n\n\n<p>O marketing digital \u00e9 din\u00e2mico, r\u00e1pido e cheio de possibilidades \u2014 e estamos aqui pra ajudar voc\u00ea a navegar por ele com estrat\u00e9gia, criatividade e resultado.<\/p>\n","protected":false},"excerpt":{"rendered":"<p>Fazemos a promo\u00e7\u00e3o de produtos, marcas ou servi\u00e7os atrav\u00e9s de canais online, utilizando estrat\u00e9gias como SEO, marketing de conte\u00fado, m\u00eddias sociais para atrair, engajar e converter um p\u00fablico-alvo<\/p>\n","protected":false},"author":2,"featured_media":0,"parent":0,"menu_order":0,"comment_status":"closed","ping_status":"closed","template":"","meta":{"footnotes":""},"class_list":["post-24","page","type-page","status-publish","hentry"],"_links":{"self":[{"href":"https:\/\/consultoriarrf.com.br\/index.php?rest_route=\/wp\/v2\/pages\/24","targetHints":{"allow":["GET"]}}],"collection":[{"href":"https:\/\/consultoriarrf.com.br\/index.php?rest_route=\/wp\/v2\/pages"}],"about":[{"href":"https:\/\/consultoriarrf.com.br\/index.php?rest_route=\/wp\/v2\/types\/page"}],"author":[{"embeddable":true,"href":"https:\/\/consultoriarrf.com.br\/index.php?rest_route=\/wp\/v2\/users\/2"}],"replies":[{"embeddable":true,"href":"https:\/\/consultoriarrf.com.br\/index.php?rest_route=%2Fwp%2Fv2%2Fcomments&post=24"}],"version-history":[{"count":2,"href":"https:\/\/consultoriarrf.com.br\/index.php?rest_route=\/wp\/v2\/pages\/24\/revisions"}],"predecessor-version":[{"id":1461,"href":"https:\/\/consultoriarrf.com.br\/index.php?rest_route=\/wp\/v2\/pages\/24\/revisions\/1461"}],"wp:attachment":[{"href":"https:\/\/consultoriarrf.com.br\/index.php?rest_route=%2Fwp%2Fv2%2Fmedia&parent=24"}],"curies":[{"name":"wp","href":"https:\/\/api.w.org\/{rel}","templated":true}]}}