{"id":26,"date":"2016-02-12T08:13:33","date_gmt":"2016-02-12T08:13:33","guid":{"rendered":"http:\/\/demos.famethemes.com\/onepress\/?page_id=26"},"modified":"2025-09-05T10:44:34","modified_gmt":"2025-09-05T13:44:34","slug":"service-title-4","status":"publish","type":"page","link":"https:\/\/consultoriarrf.com.br\/?page_id=26","title":{"rendered":"An\u00e1lise de Dados e M\u00e9tricas"},"content":{"rendered":"\n<figure class=\"wp-block-image size-full\"><img loading=\"lazy\" decoding=\"async\" width=\"1024\" height=\"640\" src=\"http:\/\/consultoriarrf.com.br\/wp-content\/uploads\/2025\/09\/ead-para-empresas-dados-metricas-1024x640-1.jpg\" alt=\"\" class=\"wp-image-1452\" srcset=\"https:\/\/consultoriarrf.com.br\/wp-content\/uploads\/2025\/09\/ead-para-empresas-dados-metricas-1024x640-1.jpg 1024w, https:\/\/consultoriarrf.com.br\/wp-content\/uploads\/2025\/09\/ead-para-empresas-dados-metricas-1024x640-1-300x188.jpg 300w, https:\/\/consultoriarrf.com.br\/wp-content\/uploads\/2025\/09\/ead-para-empresas-dados-metricas-1024x640-1-768x480.jpg 768w, https:\/\/consultoriarrf.com.br\/wp-content\/uploads\/2025\/09\/ead-para-empresas-dados-metricas-1024x640-1-480x300.jpg 480w, https:\/\/consultoriarrf.com.br\/wp-content\/uploads\/2025\/09\/ead-para-empresas-dados-metricas-1024x640-1-640x400.jpg 640w\" sizes=\"auto, (max-width: 1024px) 100vw, 1024px\" \/><\/figure>\n\n\n\n<p>N\u00e3o adianta fazer marketing e n\u00e3o acompanhar os resultados. Aqui, a gente gosta de olhar para os n\u00fameros \u2014 porque s\u00e3o eles que mostram, com clareza, o que est\u00e1 funcionando e o que precisa de ajuste.<\/p>\n\n\n\n<p>Monitoramos de perto o desempenho das suas a\u00e7\u00f5es: seja nas redes sociais, no tr\u00e1fego do site, nas campanhas pagas ou em outras plataformas. Acompanhamos m\u00e9tricas como alcance, engajamento, taxa de convers\u00e3o, ROI, CPL, CAC e outros indicadores que realmente fazem sentido para o seu objetivo.<\/p>\n\n\n\n<p>Mas calma: n\u00e3o vamos te afogar em gr\u00e1ficos dif\u00edceis de entender. Nossa miss\u00e3o \u00e9 traduzir os dados em <strong>insights pr\u00e1ticos<\/strong>, que ajudam voc\u00ea a tomar decis\u00f5es mais inteligentes, reduzir desperd\u00edcios e aproveitar melhor as oportunidades.<\/p>\n\n\n\n<p>E o melhor: fazemos isso de forma cont\u00ednua. N\u00e3o \u00e9 s\u00f3 um relat\u00f3rio no fim do m\u00eas \u2014 \u00e9 acompanhamento estrat\u00e9gico, com ajustes de rota sempre que necess\u00e1rio, para garantir que cada a\u00e7\u00e3o esteja realmente contribuindo para o crescimento do seu neg\u00f3cio.<\/p>\n","protected":false},"excerpt":{"rendered":"<p>Com uma equipe especializada em intelig\u00eancia de mercado, transformamos informa\u00e7\u00f5es em decis\u00f5es!<\/p>\n","protected":false},"author":2,"featured_media":0,"parent":0,"menu_order":0,"comment_status":"closed","ping_status":"closed","template":"","meta":{"footnotes":""},"class_list":["post-26","page","type-page","status-publish","hentry"],"_links":{"self":[{"href":"https:\/\/consultoriarrf.com.br\/index.php?rest_route=\/wp\/v2\/pages\/26","targetHints":{"allow":["GET"]}}],"collection":[{"href":"https:\/\/consultoriarrf.com.br\/index.php?rest_route=\/wp\/v2\/pages"}],"about":[{"href":"https:\/\/consultoriarrf.com.br\/index.php?rest_route=\/wp\/v2\/types\/page"}],"author":[{"embeddable":true,"href":"https:\/\/consultoriarrf.com.br\/index.php?rest_route=\/wp\/v2\/users\/2"}],"replies":[{"embeddable":true,"href":"https:\/\/consultoriarrf.com.br\/index.php?rest_route=%2Fwp%2Fv2%2Fcomments&post=26"}],"version-history":[{"count":3,"href":"https:\/\/consultoriarrf.com.br\/index.php?rest_route=\/wp\/v2\/pages\/26\/revisions"}],"predecessor-version":[{"id":1458,"href":"https:\/\/consultoriarrf.com.br\/index.php?rest_route=\/wp\/v2\/pages\/26\/revisions\/1458"}],"wp:attachment":[{"href":"https:\/\/consultoriarrf.com.br\/index.php?rest_route=%2Fwp%2Fv2%2Fmedia&parent=26"}],"curies":[{"name":"wp","href":"https:\/\/api.w.org\/{rel}","templated":true}]}}